{"id":1172,"date":"2022-12-14T11:12:45","date_gmt":"2022-12-14T11:12:45","guid":{"rendered":"https:\/\/tierwelten-holzkunst.com\/?page_id=1172"},"modified":"2022-12-14T17:11:09","modified_gmt":"2022-12-14T17:11:09","slug":"imprint","status":"publish","type":"page","link":"https:\/\/tierwelten-holzkunst.com\/en\/imprint\/","title":{"rendered":"Imprint"},"content":{"rendered":"<div data-elementor-type=\"wp-page\" data-elementor-id=\"1172\" class=\"elementor elementor-1172\" data-elementor-post-type=\"page\">\n\t\t\t\t\t\t<section class=\"elementor-section elementor-top-section elementor-element elementor-element-53b5dea elementor-section-boxed elementor-section-height-default elementor-section-height-default\" data-id=\"53b5dea\" data-element_type=\"section\" data-settings=\"{&quot;background_background&quot;:&quot;classic&quot;}\">\n\t\t\t\t\t\t<div class=\"elementor-container elementor-column-gap-default\">\n\t\t\t\t\t<div class=\"elementor-column elementor-col-100 elementor-top-column elementor-element elementor-element-da560ed\" data-id=\"da560ed\" data-element_type=\"column\">\n\t\t\t<div class=\"elementor-widget-wrap elementor-element-populated\">\n\t\t\t\t\t\t<div class=\"elementor-element elementor-element-63e047d elementor-widget elementor-widget-text-editor\" data-id=\"63e047d\" data-element_type=\"widget\" data-widget_type=\"text-editor.default\">\n\t\t\t\t<div class=\"elementor-widget-container\">\n\t\t\t\t\t\t\t\t\t<p>Legal Disclosure<\/p>\n<p>Information in accordance with Section 5 TMG<\/p>\n<p>Goetz Peter Reichelt<br>Papenhuderstr. 32<br>22087 Hamburg<\/p>\n<p>Contact:<br>Email: gp [at] tierwelten-holzkunst.com<br>Website: https:\/\/tierwelten-holzkunst.com\/<\/p>\n<p>VAT identification number:<br>VAT ID: DE208842212<\/p>\n<p><\/p>\n<p>Disclaimer<\/p>\n<p>Accountability for content<\/p>\n<p>The contents of our pages have been created with the utmost care and to the best of our knowledge. However, we cannot guarantee the contents&#039; accuracy, completeness or topicality. <br>According to statutory provisions, we are also responsible for our own content on these web pages. However, pursuant to sections 8 to 10 of the TMG, we as service providers are not under obligation to monitor external information provided or stored on our website, or investigate circumstances pointing to illegal activity.<\/p>\n<p>The items shown on this webpage do not have to follow the originals 100%.<br>They could differ in color and size from the originals.<\/p>\n<p><\/p>\n<p>Accountability for links<\/p>\n<p>Links to third party pages are provided for convenience only. Responsibility for the content of external links (to web pages of third parties) lies solely with the operators of the linked pages. No violations were evident to us at the time of linking. Should any legal infringement become known to us, we will remove the respective link immediately.<\/p>\n<p><\/p>\n<p>Copyright<\/p>\n<p>Our web pages and their contents are subject to&nbsp; German copyright law. Any duplication, processing, distribution and\/ or any form of utilisation beyond the scope of copyright law shall require the prior written consent of the respective owner of the rights. The materials from these pages are copyrighted and any unauthorized use may violate copyright laws.&nbsp;<\/p>\n<p><\/p>\n<p>Data protection<\/p>\n<p>A visit to our website can result in the storage on our server of information about the access (date, time, page accessed). This does not represent any analysis of personal data (e.g. name, address or e-mail address). If personal data are collected, this only occurs - to the extent possible - with the prior consent of the user of the website. Any forwarding of the data to third parties without the express consent of the user shall not take place.<br>We would like to expressly point out that the transmission of data via the internet (eg, by e-mail) can offer security vulnerabilities. It is therefore impossible to safeguard the data completely against access by third parties. We cannot assume any liability for damages arising as a result of such security vulnerabilities.<br>The use by third parties of all published contact details for the purpose of advertising is expressly excluded. We reserve the right to take legal steps in the case of the unsolicited sending of advertising information; eg by means of spam mail.<\/p>\t\t\t\t\t\t\t\t<\/div>\n\t\t\t\t<\/div>\n\t\t\t\t\t<\/div>\n\t\t<\/div>\n\t\t\t\t\t<\/div>\n\t\t<\/section>\n\t\t\t\t<\/div>","protected":false},"excerpt":{"rendered":"<p>Informationen nach \u00a7 5 TMG G\u00f6tz Peter ReicheltPapenhuderstr. 3222087 Hamburg Kontakt:E-Mail: gp [at] tierwelten-holzkunst.comInternetseite: https:\/\/tierwelten-holzkunst.com\/ Umsatzsteuer-Identifikationsnummer:USt-IdNr: DE208842212 \u00a0 Haftungsausschluss Verantwortlichkeit f\u00fcr den Inhalt Die Inhalte unserer Seiten wurden mit gr\u00f6\u00dfter Sorgfalt und nach bestem Wissen erstellt. F\u00fcr die Richtigkeit, Vollst\u00e4ndigkeit und Aktualit\u00e4t der Inhalte k\u00f6nnen wir jedoch keine Gew\u00e4hr \u00fcbernehmen. F\u00fcr eigene Inhalte auf diesen [&hellip;]<\/p>","protected":false},"author":1,"featured_media":0,"parent":0,"menu_order":0,"comment_status":"closed","ping_status":"closed","template":"","meta":{"_acf_changed":false,"footnotes":""},"class_list":["post-1172","page","type-page","status-publish","hentry"],"acf":[],"_links":{"self":[{"href":"https:\/\/tierwelten-holzkunst.com\/en\/wp-json\/wp\/v2\/pages\/1172","targetHints":{"allow":["GET"]}}],"collection":[{"href":"https:\/\/tierwelten-holzkunst.com\/en\/wp-json\/wp\/v2\/pages"}],"about":[{"href":"https:\/\/tierwelten-holzkunst.com\/en\/wp-json\/wp\/v2\/types\/page"}],"author":[{"embeddable":true,"href":"https:\/\/tierwelten-holzkunst.com\/en\/wp-json\/wp\/v2\/users\/1"}],"replies":[{"embeddable":true,"href":"https:\/\/tierwelten-holzkunst.com\/en\/wp-json\/wp\/v2\/comments?post=1172"}],"version-history":[{"count":25,"href":"https:\/\/tierwelten-holzkunst.com\/en\/wp-json\/wp\/v2\/pages\/1172\/revisions"}],"predecessor-version":[{"id":1273,"href":"https:\/\/tierwelten-holzkunst.com\/en\/wp-json\/wp\/v2\/pages\/1172\/revisions\/1273"}],"wp:attachment":[{"href":"https:\/\/tierwelten-holzkunst.com\/en\/wp-json\/wp\/v2\/media?parent=1172"}],"curies":[{"name":"wp","href":"https:\/\/api.w.org\/{rel}","templated":true}]}}