{"id":1129,"date":"2022-12-14T09:35:54","date_gmt":"2022-12-14T09:35:54","guid":{"rendered":"https:\/\/tierwelten-holzkunst.com\/?page_id=1129"},"modified":"2023-01-02T13:03:36","modified_gmt":"2023-01-02T13:03:36","slug":"grossprojekte","status":"publish","type":"page","link":"https:\/\/tierwelten-holzkunst.com\/en\/grossprojekte\/","title":{"rendered":"Major Projects"},"content":{"rendered":"<div data-elementor-type=\"wp-page\" data-elementor-id=\"1129\" class=\"elementor elementor-1129\" data-elementor-post-type=\"page\">\n\t\t\t\t\t\t<section class=\"elementor-section elementor-top-section elementor-element elementor-element-a568a3a elementor-section-boxed elementor-section-height-default elementor-section-height-default\" data-id=\"a568a3a\" data-element_type=\"section\" data-settings=\"{&quot;background_background&quot;:&quot;classic&quot;}\">\n\t\t\t\t\t\t<div class=\"elementor-container elementor-column-gap-default\">\n\t\t\t\t\t<div class=\"elementor-column elementor-col-100 elementor-top-column elementor-element elementor-element-3dae3aa\" data-id=\"3dae3aa\" data-element_type=\"column\">\n\t\t\t<div class=\"elementor-widget-wrap elementor-element-populated\">\n\t\t\t\t\t\t<div class=\"elementor-element elementor-element-b2a26e5 elementor-widget elementor-widget-heading\" data-id=\"b2a26e5\" data-element_type=\"widget\" data-widget_type=\"heading.default\">\n\t\t\t\t<div class=\"elementor-widget-container\">\n\t\t\t\t\t<h2 class=\"elementor-heading-title elementor-size-default\">Major Projects<\/h2>\t\t\t\t<\/div>\n\t\t\t\t<\/div>\n\t\t\t\t<div class=\"elementor-element elementor-element-1f65672 elementor-widget elementor-widget-text-editor\" data-id=\"1f65672\" data-element_type=\"widget\" data-widget_type=\"text-editor.default\">\n\t\t\t\t<div class=\"elementor-widget-container\">\n\t\t\t\t\t\t\t\t\t<p>Unfortunately, I only have a very limited number of customers for carved objects. In order to prevent the mountain of unsold carvings from getting any bigger, I have started to deal with topics that were originally intended to be \u201cunsaleable\u201d, but which made me want to be realized in carved form.<\/p>\t\t\t\t\t\t\t\t<\/div>\n\t\t\t\t<\/div>\n\t\t\t\t<div class=\"elementor-element elementor-element-51c20de elementor-posts--thumbnail-top elementor-grid-3 elementor-grid-tablet-2 elementor-grid-mobile-1 elementor-widget elementor-widget-posts\" data-id=\"51c20de\" data-element_type=\"widget\" data-settings=\"{&quot;custom_columns&quot;:&quot;3&quot;,&quot;custom_columns_tablet&quot;:&quot;2&quot;,&quot;custom_columns_mobile&quot;:&quot;1&quot;,&quot;custom_row_gap&quot;:{&quot;unit&quot;:&quot;px&quot;,&quot;size&quot;:35,&quot;sizes&quot;:[]},&quot;custom_row_gap_tablet&quot;:{&quot;unit&quot;:&quot;px&quot;,&quot;size&quot;:&quot;&quot;,&quot;sizes&quot;:[]},&quot;custom_row_gap_mobile&quot;:{&quot;unit&quot;:&quot;px&quot;,&quot;size&quot;:&quot;&quot;,&quot;sizes&quot;:[]}}\" data-widget_type=\"posts.custom\">\n\t\t\t\t<div class=\"elementor-widget-container\">\n\t\t\t\t\t      <div class=\"ecs-posts elementor-posts-container elementor-posts   elementor-grid elementor-posts--skin-custom\" data-settings=\"{&quot;current_page&quot;:1,&quot;max_num_pages&quot;:1,&quot;load_method&quot;:&quot;numbers&quot;,&quot;widget_id&quot;:&quot;51c20de&quot;,&quot;post_id&quot;:1129,&quot;theme_id&quot;:1129,&quot;change_url&quot;:false,&quot;reinit_js&quot;:false}\">\n      \t\t<article id=\"post-1075\" class=\"elementor-post elementor-grid-item ecs-post-loop post-1075 holzobjekte type-holzobjekte status-publish has-post-thumbnail hentry category-grossprojekte\">\n\t\t\t\t<div data-elementor-type=\"loop\" data-elementor-id=\"254\" class=\"elementor elementor-254 post-1075 holzobjekte type-holzobjekte status-publish has-post-thumbnail hentry category-grossprojekte\" data-elementor-post-type=\"elementor_library\">\n\t\t\t\t\t<section class=\"elementor-section elementor-top-section elementor-element elementor-element-52e81bd elementor-section-boxed elementor-section-height-default elementor-section-height-default\" data-id=\"52e81bd\" data-element_type=\"section\" data-settings=\"{&quot;background_background&quot;:&quot;classic&quot;}\">\n\t\t\t\t\t\t<div class=\"elementor-container elementor-column-gap-default\">\n\t\t\t\t\t<div class=\"elementor-column elementor-col-100 elementor-top-column elementor-element elementor-element-b8dfa13\" data-id=\"b8dfa13\" data-element_type=\"column\">\n\t\t\t<div class=\"elementor-widget-wrap elementor-element-populated\">\n\t\t\t\t\t\t<div class=\"elementor-element elementor-element-e8d5b57 elementor-widget elementor-widget-theme-post-featured-image elementor-widget-image\" data-id=\"e8d5b57\" data-element_type=\"widget\" data-widget_type=\"theme-post-featured-image.default\">\n\t\t\t\t<div class=\"elementor-widget-container\">\n\t\t\t\t\t\t\t\t\t\t\t\t\t\t\t\t<a href=\"https:\/\/tierwelten-holzkunst.com\/en\/holzobjekte\/gier-krake\/\">\n\t\t\t\t\t\t\t<img fetchpriority=\"high\" decoding=\"async\" width=\"800\" height=\"800\" src=\"https:\/\/tierwelten-holzkunst.com\/wp-content\/uploads\/2022\/12\/Gier-Krake-Large-1024x1024.png\" class=\"elementor-animation-shrink attachment-large size-large wp-image-733\" alt=\"\" srcset=\"https:\/\/tierwelten-holzkunst.com\/wp-content\/uploads\/2022\/12\/Gier-Krake-Large-1024x1024.png 1024w, https:\/\/tierwelten-holzkunst.com\/wp-content\/uploads\/2022\/12\/Gier-Krake-Large-300x300.png 300w, https:\/\/tierwelten-holzkunst.com\/wp-content\/uploads\/2022\/12\/Gier-Krake-Large-150x150.png 150w, https:\/\/tierwelten-holzkunst.com\/wp-content\/uploads\/2022\/12\/Gier-Krake-Large-768x768.png 768w, https:\/\/tierwelten-holzkunst.com\/wp-content\/uploads\/2022\/12\/Gier-Krake-Large.png 1280w\" sizes=\"(max-width: 800px) 100vw, 800px\" \/>\t\t\t\t\t\t\t\t<\/a>\n\t\t\t\t\t\t\t\t\t\t\t\t\t\t\t<\/div>\n\t\t\t\t<\/div>\n\t\t\t\t\t<\/div>\n\t\t<\/div>\n\t\t\t\t\t<\/div>\n\t\t<\/section>\n\t\t\t\t<\/div>\n\t\t\t\t<\/article>\n\t\t\t\t<article id=\"post-1077\" class=\"elementor-post elementor-grid-item ecs-post-loop post-1077 holzobjekte type-holzobjekte status-publish has-post-thumbnail hentry category-grossprojekte\">\n\t\t\t\t<div data-elementor-type=\"loop\" data-elementor-id=\"254\" class=\"elementor elementor-254 post-1077 holzobjekte type-holzobjekte status-publish has-post-thumbnail hentry category-grossprojekte\" data-elementor-post-type=\"elementor_library\">\n\t\t\t\t\t<section class=\"elementor-section elementor-top-section elementor-element elementor-element-52e81bd elementor-section-boxed elementor-section-height-default elementor-section-height-default\" data-id=\"52e81bd\" data-element_type=\"section\" data-settings=\"{&quot;background_background&quot;:&quot;classic&quot;}\">\n\t\t\t\t\t\t<div class=\"elementor-container elementor-column-gap-default\">\n\t\t\t\t\t<div class=\"elementor-column elementor-col-100 elementor-top-column elementor-element elementor-element-b8dfa13\" data-id=\"b8dfa13\" data-element_type=\"column\">\n\t\t\t<div class=\"elementor-widget-wrap elementor-element-populated\">\n\t\t\t\t\t\t<div class=\"elementor-element elementor-element-e8d5b57 elementor-widget elementor-widget-theme-post-featured-image elementor-widget-image\" data-id=\"e8d5b57\" data-element_type=\"widget\" data-widget_type=\"theme-post-featured-image.default\">\n\t\t\t\t<div class=\"elementor-widget-container\">\n\t\t\t\t\t\t\t\t\t\t\t\t\t\t\t\t<a href=\"https:\/\/tierwelten-holzkunst.com\/en\/holzobjekte\/der-tod-des-nashorns\/\">\n\t\t\t\t\t\t\t<img decoding=\"async\" width=\"800\" height=\"800\" src=\"https:\/\/tierwelten-holzkunst.com\/wp-content\/uploads\/2022\/12\/Das-Nashorn-Large-1024x1024.png\" class=\"elementor-animation-shrink attachment-large size-large wp-image-736\" alt=\"\" srcset=\"https:\/\/tierwelten-holzkunst.com\/wp-content\/uploads\/2022\/12\/Das-Nashorn-Large-1024x1024.png 1024w, https:\/\/tierwelten-holzkunst.com\/wp-content\/uploads\/2022\/12\/Das-Nashorn-Large-300x300.png 300w, https:\/\/tierwelten-holzkunst.com\/wp-content\/uploads\/2022\/12\/Das-Nashorn-Large-150x150.png 150w, https:\/\/tierwelten-holzkunst.com\/wp-content\/uploads\/2022\/12\/Das-Nashorn-Large-768x768.png 768w, https:\/\/tierwelten-holzkunst.com\/wp-content\/uploads\/2022\/12\/Das-Nashorn-Large.png 1280w\" sizes=\"(max-width: 800px) 100vw, 800px\" \/>\t\t\t\t\t\t\t\t<\/a>\n\t\t\t\t\t\t\t\t\t\t\t\t\t\t\t<\/div>\n\t\t\t\t<\/div>\n\t\t\t\t\t<\/div>\n\t\t<\/div>\n\t\t\t\t\t<\/div>\n\t\t<\/section>\n\t\t\t\t<\/div>\n\t\t\t\t<\/article>\n\t\t\t\t<article id=\"post-1079\" class=\"elementor-post elementor-grid-item ecs-post-loop post-1079 holzobjekte type-holzobjekte status-publish has-post-thumbnail hentry category-grossprojekte\">\n\t\t\t\t<div data-elementor-type=\"loop\" data-elementor-id=\"254\" class=\"elementor elementor-254 post-1079 holzobjekte type-holzobjekte status-publish has-post-thumbnail hentry category-grossprojekte\" data-elementor-post-type=\"elementor_library\">\n\t\t\t\t\t<section class=\"elementor-section elementor-top-section elementor-element elementor-element-52e81bd elementor-section-boxed elementor-section-height-default elementor-section-height-default\" data-id=\"52e81bd\" data-element_type=\"section\" data-settings=\"{&quot;background_background&quot;:&quot;classic&quot;}\">\n\t\t\t\t\t\t<div class=\"elementor-container elementor-column-gap-default\">\n\t\t\t\t\t<div class=\"elementor-column elementor-col-100 elementor-top-column elementor-element elementor-element-b8dfa13\" data-id=\"b8dfa13\" data-element_type=\"column\">\n\t\t\t<div class=\"elementor-widget-wrap elementor-element-populated\">\n\t\t\t\t\t\t<div class=\"elementor-element elementor-element-e8d5b57 elementor-widget elementor-widget-theme-post-featured-image elementor-widget-image\" data-id=\"e8d5b57\" data-element_type=\"widget\" data-widget_type=\"theme-post-featured-image.default\">\n\t\t\t\t<div class=\"elementor-widget-container\">\n\t\t\t\t\t\t\t\t\t\t\t\t\t\t\t\t<a href=\"https:\/\/tierwelten-holzkunst.com\/en\/holzobjekte\/das-gen-schwein-erna\/\">\n\t\t\t\t\t\t\t<img decoding=\"async\" width=\"800\" height=\"800\" src=\"https:\/\/tierwelten-holzkunst.com\/wp-content\/uploads\/2022\/12\/Das-Schwein-Large-1024x1024.png\" class=\"elementor-animation-shrink attachment-large size-large wp-image-734\" alt=\"\" srcset=\"https:\/\/tierwelten-holzkunst.com\/wp-content\/uploads\/2022\/12\/Das-Schwein-Large-1024x1024.png 1024w, https:\/\/tierwelten-holzkunst.com\/wp-content\/uploads\/2022\/12\/Das-Schwein-Large-300x300.png 300w, https:\/\/tierwelten-holzkunst.com\/wp-content\/uploads\/2022\/12\/Das-Schwein-Large-150x150.png 150w, https:\/\/tierwelten-holzkunst.com\/wp-content\/uploads\/2022\/12\/Das-Schwein-Large-768x768.png 768w, https:\/\/tierwelten-holzkunst.com\/wp-content\/uploads\/2022\/12\/Das-Schwein-Large.png 1280w\" sizes=\"(max-width: 800px) 100vw, 800px\" \/>\t\t\t\t\t\t\t\t<\/a>\n\t\t\t\t\t\t\t\t\t\t\t\t\t\t\t<\/div>\n\t\t\t\t<\/div>\n\t\t\t\t\t<\/div>\n\t\t<\/div>\n\t\t\t\t\t<\/div>\n\t\t<\/section>\n\t\t\t\t<\/div>\n\t\t\t\t<\/article>\n\t\t\t\t<article id=\"post-1081\" class=\"elementor-post elementor-grid-item ecs-post-loop post-1081 holzobjekte type-holzobjekte status-publish has-post-thumbnail hentry category-grossprojekte\">\n\t\t\t\t<div data-elementor-type=\"loop\" data-elementor-id=\"254\" class=\"elementor elementor-254 post-1081 holzobjekte type-holzobjekte status-publish has-post-thumbnail hentry category-grossprojekte\" data-elementor-post-type=\"elementor_library\">\n\t\t\t\t\t<section class=\"elementor-section elementor-top-section elementor-element elementor-element-52e81bd elementor-section-boxed elementor-section-height-default elementor-section-height-default\" data-id=\"52e81bd\" data-element_type=\"section\" data-settings=\"{&quot;background_background&quot;:&quot;classic&quot;}\">\n\t\t\t\t\t\t<div class=\"elementor-container elementor-column-gap-default\">\n\t\t\t\t\t<div class=\"elementor-column elementor-col-100 elementor-top-column elementor-element elementor-element-b8dfa13\" data-id=\"b8dfa13\" data-element_type=\"column\">\n\t\t\t<div class=\"elementor-widget-wrap elementor-element-populated\">\n\t\t\t\t\t\t<div class=\"elementor-element elementor-element-e8d5b57 elementor-widget elementor-widget-theme-post-featured-image elementor-widget-image\" data-id=\"e8d5b57\" data-element_type=\"widget\" data-widget_type=\"theme-post-featured-image.default\">\n\t\t\t\t<div class=\"elementor-widget-container\">\n\t\t\t\t\t\t\t\t\t\t\t\t\t\t\t\t<a href=\"https:\/\/tierwelten-holzkunst.com\/en\/holzobjekte\/das-schachspiel\/\">\n\t\t\t\t\t\t\t<img loading=\"lazy\" decoding=\"async\" width=\"800\" height=\"800\" src=\"https:\/\/tierwelten-holzkunst.com\/wp-content\/uploads\/2022\/12\/Das-Schachspiel-Large-1024x1024.png\" class=\"elementor-animation-shrink attachment-large size-large wp-image-735\" alt=\"\" srcset=\"https:\/\/tierwelten-holzkunst.com\/wp-content\/uploads\/2022\/12\/Das-Schachspiel-Large-1024x1024.png 1024w, https:\/\/tierwelten-holzkunst.com\/wp-content\/uploads\/2022\/12\/Das-Schachspiel-Large-300x300.png 300w, https:\/\/tierwelten-holzkunst.com\/wp-content\/uploads\/2022\/12\/Das-Schachspiel-Large-150x150.png 150w, https:\/\/tierwelten-holzkunst.com\/wp-content\/uploads\/2022\/12\/Das-Schachspiel-Large-768x768.png 768w, https:\/\/tierwelten-holzkunst.com\/wp-content\/uploads\/2022\/12\/Das-Schachspiel-Large.png 1280w\" sizes=\"(max-width: 800px) 100vw, 800px\" \/>\t\t\t\t\t\t\t\t<\/a>\n\t\t\t\t\t\t\t\t\t\t\t\t\t\t\t<\/div>\n\t\t\t\t<\/div>\n\t\t\t\t\t<\/div>\n\t\t<\/div>\n\t\t\t\t\t<\/div>\n\t\t<\/section>\n\t\t\t\t<\/div>\n\t\t\t\t<\/article>\n\t\t\t\t<\/div>\n\t\t\t\t\t\t<\/div>\n\t\t\t\t<\/div>\n\t\t\t\t\t<\/div>\n\t\t<\/div>\n\t\t\t\t\t<\/div>\n\t\t<\/section>\n\t\t\t\t<\/div>","protected":false},"excerpt":{"rendered":"<p>Grossprojekte Leider habe ich nur eine sehr begrenzte Zahl von Abnehmern geschnitzter Objekte. Um zu verhindern, dass der Berg unverkaufter Schnitzwerke noch gr\u00f6\u00dfer wird, habe ich begonnen, mich mit Thematiken zu besch\u00e4ftigen, die von Anfang an als \u201eunverk\u00e4uflich\u201c gedacht waren, aber den Wunsch in mir ausl\u00f6sten, in geschnitzter Form realisiert zu werden.<\/p>","protected":false},"author":1,"featured_media":0,"parent":0,"menu_order":0,"comment_status":"closed","ping_status":"closed","template":"","meta":{"_acf_changed":false,"footnotes":""},"class_list":["post-1129","page","type-page","status-publish","hentry"],"acf":[],"_links":{"self":[{"href":"https:\/\/tierwelten-holzkunst.com\/en\/wp-json\/wp\/v2\/pages\/1129","targetHints":{"allow":["GET"]}}],"collection":[{"href":"https:\/\/tierwelten-holzkunst.com\/en\/wp-json\/wp\/v2\/pages"}],"about":[{"href":"https:\/\/tierwelten-holzkunst.com\/en\/wp-json\/wp\/v2\/types\/page"}],"author":[{"embeddable":true,"href":"https:\/\/tierwelten-holzkunst.com\/en\/wp-json\/wp\/v2\/users\/1"}],"replies":[{"embeddable":true,"href":"https:\/\/tierwelten-holzkunst.com\/en\/wp-json\/wp\/v2\/comments?post=1129"}],"version-history":[{"count":10,"href":"https:\/\/tierwelten-holzkunst.com\/en\/wp-json\/wp\/v2\/pages\/1129\/revisions"}],"predecessor-version":[{"id":1338,"href":"https:\/\/tierwelten-holzkunst.com\/en\/wp-json\/wp\/v2\/pages\/1129\/revisions\/1338"}],"wp:attachment":[{"href":"https:\/\/tierwelten-holzkunst.com\/en\/wp-json\/wp\/v2\/media?parent=1129"}],"curies":[{"name":"wp","href":"https:\/\/api.w.org\/{rel}","templated":true}]}}